{"id":3504,"date":"2024-03-08T10:50:08","date_gmt":"2024-03-08T10:50:08","guid":{"rendered":"https:\/\/hypnoseresort.ro\/?page_id=3504"},"modified":"2025-08-20T16:29:46","modified_gmt":"2025-08-20T16:29:46","slug":"termenii-si-conditii-unitate-de-cazare","status":"publish","type":"page","link":"https:\/\/hypnoseresort.ro\/en\/termenii-si-conditii-unitate-de-cazare\/","title":{"rendered":"Terms and conditions Accommodation unit"},"content":{"rendered":"<p>Este permis accesul persoanelor peste 14 ani. <br>Este interzis accesul animalelor de companie. <br>Oaspe\u021bilor le este interzis s\u0103 aduc\u0103 m\u00e2ncare \u0219i b\u0103uturi alcoolice \u0219i r\u0103coritoare din exterior f\u0103r\u0103 permisiunea propriet\u0103\u021bii noastre.<\/p>","protected":false},"excerpt":{"rendered":"<p>Este permis accesul persoanelor peste 14 ani. Este interzis accesul animalelor de companie. Oaspe\u021bilor le este interzis s\u0103 aduc\u0103 m\u00e2ncare \u0219i b\u0103uturi alcoolice \u0219i r\u0103coritoare din exterior f\u0103r\u0103 permisiunea propriet\u0103\u021bii noastre.<\/p>","protected":false},"author":1,"featured_media":0,"parent":0,"menu_order":0,"comment_status":"closed","ping_status":"closed","template":"","meta":{"om_disable_all_campaigns":false,"_monsterinsights_skip_tracking":false,"_monsterinsights_sitenote_active":false,"_monsterinsights_sitenote_note":"","_monsterinsights_sitenote_category":0,"footnotes":""},"class_list":["post-3504","page","type-page","status-publish","hentry"],"aioseo_notices":[],"_links":{"self":[{"href":"https:\/\/hypnoseresort.ro\/en\/wp-json\/wp\/v2\/pages\/3504","targetHints":{"allow":["GET"]}}],"collection":[{"href":"https:\/\/hypnoseresort.ro\/en\/wp-json\/wp\/v2\/pages"}],"about":[{"href":"https:\/\/hypnoseresort.ro\/en\/wp-json\/wp\/v2\/types\/page"}],"author":[{"embeddable":true,"href":"https:\/\/hypnoseresort.ro\/en\/wp-json\/wp\/v2\/users\/1"}],"replies":[{"embeddable":true,"href":"https:\/\/hypnoseresort.ro\/en\/wp-json\/wp\/v2\/comments?post=3504"}],"version-history":[{"count":3,"href":"https:\/\/hypnoseresort.ro\/en\/wp-json\/wp\/v2\/pages\/3504\/revisions"}],"predecessor-version":[{"id":4597,"href":"https:\/\/hypnoseresort.ro\/en\/wp-json\/wp\/v2\/pages\/3504\/revisions\/4597"}],"wp:attachment":[{"href":"https:\/\/hypnoseresort.ro\/en\/wp-json\/wp\/v2\/media?parent=3504"}],"curies":[{"name":"wp","href":"https:\/\/api.w.org\/{rel}","templated":true}]}}