{"id":3500,"date":"2024-03-08T10:48:19","date_gmt":"2024-03-08T10:48:19","guid":{"rendered":"https:\/\/hypnoseresort.ro\/?page_id=3500"},"modified":"2024-05-30T07:39:51","modified_gmt":"2024-05-30T07:39:51","slug":"termeni-si-conditii","status":"publish","type":"page","link":"https:\/\/hypnoseresort.ro\/en\/termeni-si-conditii\/","title":{"rendered":"TERMENI SI CONDITII"},"content":{"rendered":"<div class=\"wp-block-media-text is-stacked-on-mobile is-vertically-aligned-top\" style=\"grid-template-columns:18% auto\"><figure class=\"wp-block-media-text__media\"><img fetchpriority=\"high\" decoding=\"async\" width=\"720\" height=\"260\" src=\"https:\/\/hypnoseresort.ro\/wp-content\/uploads\/2020\/02\/result-4.png\" alt=\"\" class=\"wp-image-3296 size-full\" srcset=\"https:\/\/hypnoseresort.ro\/wp-content\/uploads\/2020\/02\/result-4.png 720w, https:\/\/hypnoseresort.ro\/wp-content\/uploads\/2020\/02\/result-4-300x108.png 300w, https:\/\/hypnoseresort.ro\/wp-content\/uploads\/2020\/02\/result-4-600x217.png 600w\" sizes=\"(max-width: 720px) 100vw, 720px\" \/><\/figure><div class=\"wp-block-media-text__content\">\n<p>Termeni si conditii &nbsp;utilizare site<\/p>\n\n\n\n<p>Acordul privind informatiile continute in site si folosirea acestuia:<\/p>\n\n\n\n<p>V\u0103 rug\u0103m s\u0103 citi\u0163i cu aten\u0163ie termenii \u015fi condi\u0163iile de folosire prezentate mai jos \u00eenainte de a folosi sau de a ob\u0163ine orice materiale, informa\u0163ii, produse sau servicii prin intermediul <a href=\"https:\/\/hypnoseresort.ro\/en\/\">www.hypnoseresort.ro<\/a><\/p>\n\n\n\n<p>ACCES\u00c2ND <a href=\"https:\/\/hypnoseresort.ro\/en\/\">www.hypnoseresort.ro<\/a>, v\u0103 angaja\u0163i s\u0103 accepta\u0163i, f\u0103r\u0103 limitare sau calificare, to\u0163i ace\u015fti termeni \u015fi condi\u0163ii de utilizare.<\/p>\n\n\n\n<p>Dac\u0103 nu accepta\u021bi ace\u0219ti Termeni \u0219i Condi\u021bii v\u0103 rug\u0103m s\u0103 p\u0103r\u0103si\u021bi site-ul <a href=\"https:\/\/hypnoseresort.ro\/en\/\">www.hypnoseresort.ro<\/a><\/p>\n<\/div><\/div>\n\n\n\n<ul class=\"wp-block-list\">\n<li>1.Termeni \u0219i condi\u021bii de utilizare<\/li>\n\n\n\n<li>Acest document se refera la condi\u021biile \u00een care poate fi utilizat site-ul <a href=\"https:\/\/hypnoseresort.ro\/en\/\">www.hypnoseresort.ro<\/a><\/li>\n\n\n\n<li>Accesand sau utiliz\u00e2nd site-ul <a href=\"https:\/\/hypnoseresort.ro\/en\/\">www.hypnoseresort.ro<\/a>, sunte\u021bi de acord cu termenii \u0219i condi\u021biile de mai jos. Acest site este de\u021binut de SC TUDOR BOUTIQUE HOTEL SRL.<\/li>\n\n\n\n<li>Ne rezerv\u0103m dreptul, s\u0103 schimb\u0103m, s\u0103 modific\u0103m, s\u0103 ad\u0103ug\u0103m sau s\u0103 \u0219tergem p\u00e2r\u021bi ale acestor termeni \u00een orice moment, f\u0103r\u0103 nici o notificare, \u0219i, \u00een m\u0103sura \u00een care nu se prevede altfel, aceste modific\u0103ri vor deveni efective imediat; ca atare v\u0103 rug\u0103m s\u0103 verifica\u021bi periodic schimb\u0103rile \u00een ace\u0219ti termeni. Faptul c\u0103 ve\u021bi continua s\u0103 folosi\u021bi site-ul dup\u0103 efectuarea modific\u0103rilor la acest Acord va \u00eensemna c\u0103 accepta\u021bi aceste modific\u0103ri.<\/li>\n\n\n\n<li>2.Drepturile utilizatorului<\/li>\n\n\n\n<li>Utilizatorul\u00a0<a href=\"https:\/\/hypnoseresort.ro\/en\/\">www.hypnoseresort.ro<\/a>\u00a0are dreptul s\u0103 vizualizeze site-ul pe monitorul calculatorului, s\u0103 tip\u0103reasc\u0103 p\u0103r\u021bi ale con\u021binutului site-ului pe suport de h\u00e2rtie \u0219i s\u0103 salveze pagini in format electronic doar \u00een scopuri personale, non-comerciale. Site-ul este disponibil doar pentru persoane fizice sau juridice care pot \u00eencheia contracte valabile \u00een conformitate cu legisla\u021bia rom\u00e2n\u0103. \u00cen mod nelimitat site-ul \u0219i serviciile oferite de site nu sunt disponibile pentru persoanele sub 18 ani. Materialele localizate \u00een sau prin site sunt furnizate de noi numai \u00een scopuri de informare.<\/li>\n\n\n\n<li>3.Obligatiile utilizatorului<\/li>\n\n\n\n<li>Acest site, \u00eempreun\u0103 cu toate modulele \u0219i materialele sale, este proprietatea \u00eenregistrat\u0103 a lui TUDOR BOUTIQUE HOTEL S.R.L.<\/li>\n\n\n\n<li>Sunte\u021bi de acord sa respecta\u021bi urm\u0103toarele obliga\u021bii incluz\u00e2nd \u0219i f\u0103r\u0103 a se limita la:<\/li>\n\n\n\n<li>Obligativitatea de a nu copia, reproduce, republica, \u00eenc\u0103rca, posta, modifica, transmite sau distribui f\u0103r\u0103 permisiunea lui TUDOR BOUTIQUE HOTEL a site-ului si a materialelor prezentate. Folosirea neautorizat\u0103 a acestui site \u0219i \/ sau a materialelor con\u021binute \u00een acest site poate \u00eenc\u0103lca legea copyrightului, a m\u0103rcilor comerciale, legile privind proprietatea intelectual\u0103 sau alte legi.<\/li>\n\n\n\n<li>Interzicerea transmiterii materialelor politice, pornografice, rasiste sau a altor materiale care contravin legii.<\/li>\n\n\n\n<li>Interzicerea de a crea baze de date sau manuale prin desc\u0103rcarea pagina cu pagina a con\u021binutului site-ului. Copiile vor fi f\u0103cute doar conform termenilor de utilizare.<\/li>\n\n\n\n<li>Informa\u021bia pe care ne-o furniza\u021bi dumneavoastr\u0103 nou\u0103 trebuie s\u0103 nu con\u021bin\u0103 nici un virus, \u201eCai Troieni\u201d, viermi, bombe logice sau alte metode de programare pentru calculatoare cu scopul de a interfa\u021ba sau intercepta sistemul nostru.<\/li>\n\n\n\n<li>Cererile privind redistribuirea sau republicarea de con\u021binut vor fi adresate c\u0103tre TUDOR BOUTIQUE HOTEL la adresa: <a href=\"mailto:comercial@hypnose.ro\">comercial@hypnose.ro<\/a><\/li>\n\n\n\n<li>4.Con\u021binut exterior<\/li>\n\n\n\n<li>In con\u021binutul site-ului nostru poate fi inclus con\u021binut, modul statistici, adrese c\u0103tre si de la site-uri externe sau alte materiale de la par\u021bi ter\u021be.<\/li>\n\n\n\n<li>Acestea sunt pentru c\u0103 le consideram ca fiind de interes pentru dumneavoastr\u0103 sau pentru S.C.TUDOR BOUTIQUE HOTEL SRL. Ne declin\u0103m orice responsabilitate fat\u0103 de acurate\u021bea, con\u021binutul sau disponibilitatea informa\u021biilor g\u0103site pe site-uri care au leg\u0103tur\u0103 cu site-ul. Con\u021binutul acestor site-uri se poate schimba f\u0103r\u0103 s\u0103 primim notificare in acest sens, de aceea nu suntem r\u0103spunz\u0103tori pentru con\u021binutul, serviciile sau alte situa\u021bii in leg\u0103tura cu sau provenite din orice alt site. Aceste alte site-uri pot permite propriile lor cookies c\u0103tre utilizatori, pot colecta date, solicita informa\u021bii. Ce sunt Cookies? Un cookie HTTP sau un modul cookie este un text special, trimis de un server unui navigator web si apoi trimis \u00eenapoi de c\u0103tre navigator, de fiecare data c\u00e2nd acceseaz\u0103 acel server. Exist\u0103 \u0219i o serie de p\u0103reri gre\u0219ite despre cookie-uri, cele mai multe bazate pe impresia (gre\u0219it\u0103) c\u0103 ele ar con\u021bine cod executabil sau ceva care poate influen\u021ba func\u021bionarea sistemului de operare. \u00cen realitate ele sunt doar texte \u0219i nu pot s\u0103 execute nicio opera\u021bie.<\/li>\n\n\n\n<li>5.Utilizarea datelor<\/li>\n\n\n\n<li>DUMNEAVOASTR\u0102 SUNTE\u0162I DE ACORD C\u0102 FOLOSI\u0162I SITE-UL PE PROPRIUL DUMNEAVOASTR\u0102 RISC. S.C. TUDOR BOUTIQUE HOTEL S.R.L. \u00a0nu \u00ee\u0219i asum\u0103 nicio responsabilitate cu privire la corectitudinea \u0219i exactitatea acestor informa\u021bii. <a href=\"https:\/\/hypnoseresort.ro\/en\/\">www.hypnoseresort.ro<\/a>\u00a0este un site cu con\u021binut informativ. S.C. TUDOR BOUTIQUE HOTEL S.R.L. nu garanteaz\u0103 in niciun fel, explicit sau implicit, realitatea, actualitatea \u0219i integralitatea datelor \u0219i informa\u021biilor prezentate pe site. Eventualele neconcordante sau erori care pot ap\u0103rea la un moment dat intre con\u021binutul site-ului \u0219i informa\u021biile reale nu implic\u0103 nicio r\u0103spundere, de orice natur\u0103, pentru S.C. TUDOR BOUTIQUE HOTEL S.R.L. Ne rezerv\u0103m dreptul de a modifica, corecta, \u00eembun\u0103t\u0103\u021bi site-ul \u00een orice moment f\u0103r\u0103 o notificare prealabil\u0103.<\/li>\n\n\n\n<li>6.Clauze de ner\u0103spundere :<\/li>\n\n\n\n<li>DUMNEAVOASTR\u0102 SUNTE\u0162I DE ACORD C\u0102 FOLOSI\u0162I SITE-UL PE PROPRIUL DUMNEAVOASTR\u0102 RISC. \u00a0S.C. TUDOR BOUTIQUE RESORT S.R.L. nu \u00ee\u0219i asum\u0103 nicio responsabilitate cu privire la corectitudinea \u0219i exactitatea acestor informa\u021bii. www.hypnoseresort.ro este un site cu con\u021binut informativ. S.C. TUDOR BOUTIQUE HOTEL S.R.L. nu garanteaz\u0103 \u00een niciun fel, explicit sau implicit, realitatea, actualitatea \u0219i integralitatea datelor \u0219i informa\u021biilor prezentate pe site. Eventualele neconcordante sau erori care pot ap\u0103rea la un moment dat intre con\u021binutul site-ului si informa\u021biile reale nu implica nici o r\u0103spundere, de orice natura, pentru SC TUDOR BOUTIQUE HOTEL SRL. Ne rezervam dreptul de a modifica, corecta, \u00eembun\u0103t\u0103\u021bi site-ul in orice moment f\u0103r\u0103 o notificare prealabil\u0103. Dumneavoastr\u0103 sunte\u021bi de acord c\u0103 SC TUDOR BOUTIQUE HOTEL\u00a0SRL nu este responsabila \u00een orice mod pentru prejudicierea calculatorului dumneavoastr\u0103.<\/li>\n\n\n\n<li>Datele \u0219i informa\u021biile accesibile publicului pe acest site nu constituie recomand\u0103ri, garan\u021bii, consultanta sau angajament din partea SC TUDOR BOUTIQUE HOTEL SRL.<\/li>\n\n\n\n<li>S.C. TUDOR BOUTIQUE HOTEL S.R.L. S.C. TUDOR BOUTIQUE HOTEL S.R.L. nu va putea fi f\u0103cut\u0103 r\u0103spunz\u0103toare fa\u021b\u0103 de nicio persoan\u0103\/entitate pentru niciun fel de daune care ar rezulta, direct sau indirect din folosirea site-ului, ca urmare a oric\u0103rei erori sau omisiuni. Ne rezerv\u0103m dreptul de a anula sau de a modifica rezerv\u0103ri atunci c\u00e2nd se dovede\u0219te c\u0103 un oaspete este angajat \u00een activit\u0103\u021bi frauduloase sau nepotrivite, f\u0103r\u0103 nici un fel de r\u0103spundere fat\u0103 de dumneavoastr\u0103.<\/li>\n\n\n\n<li>7. Newsletter \u0219i materiale promo\u021bionale<\/li>\n\n\n\n<li>\u00cen urma consim\u021b\u0103m\u00e2ntului dumneavoastr\u0103 este posibil s\u0103 primi\u021bi materiale promo\u021bionale, oferte sau chestionare din partea noastr\u0103 sau a colaboratorilor no\u0219tri. In cazul in care dori\u021bi sa nu mai primi\u021bi astfel de materiale promo\u021bionale va rugam sa ne contacta\u021bi folosind pagina de contact de pe site sau e-mail-ul <a href=\"mailto:comercial@hypnose.ro\">comercial@hypnose.ro<\/a><\/li>\n\n\n\n<li>8.Tarife, Termene de plata , Anulare rezervare<\/li>\n\n\n\n<li>Tarifele afi\u0219ate \u00een site sunt tarife pe camer\u0103 pe noapte \u0219i includ TVA, WIFI gratuit, mic dejun, parcare, sezlonguri \u0219i prosoape. Tarifele sunt \u00een euro \u0219i se calculeaz\u0103 la cursul BNR din ziua rezerv\u0103rii.<\/li>\n\n\n\n<li>Putem s\u0103 confirm\u0103m rezervarea Dvs. numai dac\u0103 furniza\u021bi toate informa\u021biile solicitate. V\u0103 rug\u0103m s\u0103 v\u0103 asigura\u021bi c\u0103 toate datele Dvs. personale sunt corecte.<\/li>\n\n\n\n<li>Rezervarea poate fi anulata f\u0103r\u0103 penaliz\u0103ri cu 14 zile \u00eenainte de data sosirii ora 18:00. \u00cen caz de neprezentare sau anulare t\u00e2rzie, sumele achitate nu se restituie .<\/li>\n\n\n\n<li>Anularea rezerv\u0103rii far\u0103 penalizare se poate face doar \u00een termenii de mai sus \u00eenainte de sosirea la hotel. \u00cen cazul \u00een care scurta\u021bi durata sejurului dup\u0103 cazarea \u00een hotel, suma achitat\u0103 \u00een avans nu se returneaz\u0103 \u0219i nu se compenseaz\u0103 cu alte servicii. Dac\u0103 anularea se face \u00een termen, suma achitat\u0103 cu titlu de avans se returneaz\u0103 \u00een contul\/cardul din care s-a f\u0103cut plata.<\/li>\n\n\n\n<li>Toate rezerv\u0103rile trebuie achitate \u00een avans. Plata serviciilor rezervate se face \u00een avans, cu 14 zile \u00eenainte de sosire..<\/li>\n\n\n\n<li>&nbsp;9 .Condi\u021bii de cazare pentru adul\u021bi \u0219i copii privind suplimentele<\/li>\n\n\n\n<li>\u2022 copiii sub 13.99 ani nu sunt accepta\u021bi \u00een cadrul Hypnose Resort by the Sea. Pentru copiii \u00eencep\u00e2nd cu v\u00e2rsta de 14 p\u00e2n\u0103 la 17.99 ani care beneficiaz\u0103 de cazare \u00een camera cu 2 adul\u021bi se va achita suplimentar 80 lei\/zi. La apartamente se va achita suplimentar pentru a 4 a persoan\u0103 80&nbsp;lei\/zi.<\/li>\n\n\n\n<li>\u2022 pe plaja privata a hotelului se aloca 1 sezlong \/ persoana.<\/li>\n\n\n\n<li>Tariful include acces gratuit la piscina in intervalul orar 08.00- 22.00, 1 sezlong\/ persoan\u0103 \u0219i prosoape gratuite<\/li>\n\n\n\n<li><strong>Check-in \u00eencep\u00e2nd cu ora 16.00,<\/strong><\/li>\n\n\n\n<li><strong>Check-out p\u00e2n\u0103 la ora 12.00<\/strong><\/li>\n\n\n\n<li>Mic dejun, pr\u00e2nz \u0219i cin\u0103 se pot servi \u201d\u00a0\u00e0 la carte\u00a0\u201d \u00een cadrul Restaurantului Hypnose Resort by the Sea, doar cu rezervare prealabi\u0103 la telefon 0734976673.<\/li>\n\n\n\n<li>Men\u021bion\u0103m c\u0103 disponibilitatea transmis\u0103 se poate modifica \u00een orice moment, \u00een func\u021bie de rezerv\u0103rile pe care le vom primi.<\/li>\n\n\n\n<li>10. Modalitati de rezervare :<\/li>\n\n\n\n<li>Rezervarile la HYPNOSE RESORT&amp;RESTAURANT se pot efectua pe situl hotelului , <a href=\"https:\/\/hypnoseresort.ro\/en\/\">www.hypnoseresort.ro<\/a> &nbsp;, pe mail : <a href=\"mailto:rezervari@hypnose.ro\">rezervari@hypnose.ro<\/a> &nbsp;, telefonic :07\u2026\u2026\u2026\u2026\u2026\u2026&#8230; Toate rezervarile efectuate sunt insotite de un mail de confirmare , pe care va rugam sa-l verificati .Daca exista neconcordanta intre cerere si confirmare , va rugam sa anuntati departamentul rezervari la adresa de mail <a href=\"mailto:comercial@hypnose.ro\">comercial@hypnose.ro<\/a> &nbsp;pentru remediere.<\/li>\n\n\n\n<li>9.Notific\u0103ri<\/li>\n\n\n\n<li>Orice notific\u0103ri \u00een leg\u0103tura cu termenii \u0219i condi\u021biile con\u021binute pe site pot fi trimise la adresa: <a href=\"mailto:comercial@hypnose.ro\">comercial@hypnose.ro<\/a><\/li>\n\n\n\n<li>10.Incetare<\/li>\n\n\n\n<li>Ace\u0219ti termeni sunt \u00een vigoare pe toat\u0103 durata acces\u0103rii site-ului. Dumneavoastr\u0103 pute\u021bi \u00eenceta ace\u0219ti termeni \u00een orice moment prin deconectarea de la folosirea Site-ului \u0219i prin distrugerea tuturor materialelor ob\u021binute \u0219i a tuturor documentelor aflate \u00een leg\u0103tur\u0103 fie c\u0103 sunt f\u0103cute \u00een conformitate cu termenii Acordului, fie \u00een orice alt mod.<\/li>\n\n\n\n<li>11.Legea aplicabil\u0103<\/li>\n\n\n\n<li>Legea aplicabil\u0103 este legea rom\u00e2n\u0103. Eventualele litigii decurg\u00e2nd din acest acord vor fi solu\u021bionate la instan\u021ba competent\u0103 de la sediul S.C. TUDOR BOUTIQUE HOTEL S.R.L. Dumneavoastr\u0103 sunte\u021bi de acord c\u0103 orice ac\u021biune \u00een justi\u021bie decurg\u00e2nd din sau \u00een leg\u0103tur\u0103 cu termenii prezentului Acord va fi introdus\u0103 la instan\u021bele de judecat\u0103 din Rom\u00e2nia de la sediul S.C. TUDOR BOUTIQUE HOTEL S.R.L.<\/li>\n\n\n\n<li>12.Animale companie<\/li>\n\n\n\n<li>Animalele de companie nu sunt acceptate \u00een hotel.<\/li>\n\n\n\n<li>13.Metode de plat\u0103 acceptate<\/li>\n\n\n\n<li>VISA, MASTERCARD, MAESTRO, TICHETE DE VACANTA SI CARDURI \u2013 CHEQUES VACANCES, TICKET VACANTA EDENRED, SODEXO , ORDIN DE PLATA , NUMERAR.<\/li>\n<\/ul>","protected":false},"excerpt":{"rendered":"<p>Termeni si conditii &nbsp;utilizare site Acordul privind informatiile continute in site si folosirea acestuia: V\u0103 rug\u0103m s\u0103 citi\u0163i cu aten\u0163ie termenii \u015fi condi\u0163iile de folosire prezentate mai jos \u00eenainte de a folosi sau de a ob\u0163ine orice materiale, informa\u0163ii, produse sau servicii prin intermediul www.hypnoseresort.ro ACCES\u00c2ND www.hypnoseresort.ro, v\u0103 angaja\u0163i s\u0103 accepta\u0163i, f\u0103r\u0103 limitare sau calificare, [&hellip;]<\/p>\n","protected":false},"author":1,"featured_media":0,"parent":0,"menu_order":0,"comment_status":"closed","ping_status":"closed","template":"","meta":{"om_disable_all_campaigns":false,"_monsterinsights_skip_tracking":false,"_monsterinsights_sitenote_active":false,"_monsterinsights_sitenote_note":"","_monsterinsights_sitenote_category":0,"footnotes":""},"class_list":["post-3500","page","type-page","status-publish","hentry"],"aioseo_notices":[],"_links":{"self":[{"href":"https:\/\/hypnoseresort.ro\/en\/wp-json\/wp\/v2\/pages\/3500","targetHints":{"allow":["GET"]}}],"collection":[{"href":"https:\/\/hypnoseresort.ro\/en\/wp-json\/wp\/v2\/pages"}],"about":[{"href":"https:\/\/hypnoseresort.ro\/en\/wp-json\/wp\/v2\/types\/page"}],"author":[{"embeddable":true,"href":"https:\/\/hypnoseresort.ro\/en\/wp-json\/wp\/v2\/users\/1"}],"replies":[{"embeddable":true,"href":"https:\/\/hypnoseresort.ro\/en\/wp-json\/wp\/v2\/comments?post=3500"}],"version-history":[{"count":11,"href":"https:\/\/hypnoseresort.ro\/en\/wp-json\/wp\/v2\/pages\/3500\/revisions"}],"predecessor-version":[{"id":4312,"href":"https:\/\/hypnoseresort.ro\/en\/wp-json\/wp\/v2\/pages\/3500\/revisions\/4312"}],"wp:attachment":[{"href":"https:\/\/hypnoseresort.ro\/en\/wp-json\/wp\/v2\/media?parent=3500"}],"curies":[{"name":"wp","href":"https:\/\/api.w.org\/{rel}","templated":true}]}}