{"id":1375,"date":"2020-02-24T14:13:56","date_gmt":"2020-02-24T14:13:56","guid":{"rendered":"https:\/\/ld-wp73.template-help.com\/wordpress\/prod_803\/v4\/?page_id=1375"},"modified":"2024-06-13T07:00:21","modified_gmt":"2024-06-13T07:00:21","slug":"restaurant","status":"publish","type":"page","link":"https:\/\/hypnoseresort.ro\/en\/restaurant\/","title":{"rendered":"Gourmet restaurant"},"content":{"rendered":"\t\t<div data-elementor-type=\"wp-page\" data-elementor-id=\"1375\" class=\"elementor elementor-1375\">\n\t\t\t\t\t\t<section class=\"elementor-section elementor-top-section elementor-element elementor-element-22230e35 elementor-section-boxed elementor-section-height-default elementor-section-height-default\" data-id=\"22230e35\" data-element_type=\"section\" data-settings=\"{&quot;jet_parallax_layout_list&quot;:[{&quot;_id&quot;:&quot;460daf8&quot;,&quot;jet_parallax_layout_image&quot;:{&quot;url&quot;:&quot;&quot;,&quot;id&quot;:&quot;&quot;,&quot;size&quot;:&quot;&quot;},&quot;jet_parallax_layout_image_tablet&quot;:{&quot;url&quot;:&quot;&quot;,&quot;id&quot;:&quot;&quot;,&quot;size&quot;:&quot;&quot;},&quot;jet_parallax_layout_image_mobile&quot;:{&quot;url&quot;:&quot;&quot;,&quot;id&quot;:&quot;&quot;,&quot;size&quot;:&quot;&quot;},&quot;jet_parallax_layout_speed&quot;:{&quot;unit&quot;:&quot;%&quot;,&quot;size&quot;:50,&quot;sizes&quot;:[]},&quot;jet_parallax_layout_type&quot;:&quot;scroll&quot;,&quot;jet_parallax_layout_direction&quot;:null,&quot;jet_parallax_layout_fx_direction&quot;:null,&quot;jet_parallax_layout_z_index&quot;:&quot;&quot;,&quot;jet_parallax_layout_bg_x&quot;:50,&quot;jet_parallax_layout_bg_x_tablet&quot;:&quot;&quot;,&quot;jet_parallax_layout_bg_x_mobile&quot;:&quot;&quot;,&quot;jet_parallax_layout_bg_y&quot;:50,&quot;jet_parallax_layout_bg_y_tablet&quot;:&quot;&quot;,&quot;jet_parallax_layout_bg_y_mobile&quot;:&quot;&quot;,&quot;jet_parallax_layout_bg_size&quot;:&quot;auto&quot;,&quot;jet_parallax_layout_bg_size_tablet&quot;:&quot;&quot;,&quot;jet_parallax_layout_bg_size_mobile&quot;:&quot;&quot;,&quot;jet_parallax_layout_animation_prop&quot;:&quot;transform&quot;,&quot;jet_parallax_layout_on&quot;:[&quot;desktop&quot;,&quot;tablet&quot;]}]}\">\n\t\t\t\t\t\t<div class=\"elementor-container elementor-column-gap-default\">\n\t\t\t\t\t<div class=\"elementor-column elementor-col-100 elementor-top-column elementor-element elementor-element-5d43dc9e\" data-id=\"5d43dc9e\" data-element_type=\"column\">\n\t\t\t<div class=\"elementor-widget-wrap elementor-element-populated\">\n\t\t\t\t\t\t<div class=\"elementor-element elementor-element-79251382 elementor-widget elementor-widget-heading\" data-id=\"79251382\" data-element_type=\"widget\" data-widget_type=\"heading.default\">\n\t\t\t\t<div class=\"elementor-widget-container\">\n\t\t\t<h1 class=\"elementor-heading-title elementor-size-default\">Restaurant gastronomic<\/h1>\t\t<\/div>\n\t\t\t\t<\/div>\n\t\t\t\t\t<\/div>\n\t\t<\/div>\n\t\t\t\t\t<\/div>\n\t\t<\/section>\n\t\t<div class=\"elementor-element elementor-element-ef431af e-flex e-con-boxed e-con e-parent\" data-id=\"ef431af\" data-element_type=\"container\" data-settings=\"{&quot;jet_parallax_layout_list&quot;:[]}\">\n\t\t\t\t\t<div class=\"e-con-inner\">\n\t\t\t\t<div class=\"elementor-element elementor-element-7cbab4a elementor-widget elementor-widget-heading\" data-id=\"7cbab4a\" data-element_type=\"widget\" data-widget_type=\"heading.default\">\n\t\t\t\t<div class=\"elementor-widget-container\">\n\t\t\t<h2 class=\"elementor-heading-title elementor-size-default\">Suntem o destina\u021bie culinar\u0103 de excep\u021bie, unde gastronomia devine art\u0103 \u0219i fiecare mas\u0103 este o experien\u021b\u0103 memorabil\u0103!<\/h2>\t\t<\/div>\n\t\t\t\t<\/div>\n\t\t\t\t\t<\/div>\n\t\t\t\t<\/div>\n\t\t\t\t<section class=\"elementor-section elementor-top-section elementor-element elementor-element-b151140 elementor-section-boxed elementor-section-height-default elementor-section-height-default\" data-id=\"b151140\" data-element_type=\"section\" data-settings=\"{&quot;jet_parallax_layout_list&quot;:[{&quot;_id&quot;:&quot;52a9ed9&quot;,&quot;jet_parallax_layout_image&quot;:{&quot;url&quot;:&quot;&quot;,&quot;id&quot;:&quot;&quot;,&quot;size&quot;:&quot;&quot;},&quot;jet_parallax_layout_image_tablet&quot;:{&quot;url&quot;:&quot;&quot;,&quot;id&quot;:&quot;&quot;,&quot;size&quot;:&quot;&quot;},&quot;jet_parallax_layout_image_mobile&quot;:{&quot;url&quot;:&quot;&quot;,&quot;id&quot;:&quot;&quot;,&quot;size&quot;:&quot;&quot;},&quot;jet_parallax_layout_speed&quot;:{&quot;unit&quot;:&quot;%&quot;,&quot;size&quot;:50,&quot;sizes&quot;:[]},&quot;jet_parallax_layout_type&quot;:&quot;scroll&quot;,&quot;jet_parallax_layout_direction&quot;:null,&quot;jet_parallax_layout_fx_direction&quot;:null,&quot;jet_parallax_layout_z_index&quot;:&quot;&quot;,&quot;jet_parallax_layout_bg_x&quot;:50,&quot;jet_parallax_layout_bg_x_tablet&quot;:&quot;&quot;,&quot;jet_parallax_layout_bg_x_mobile&quot;:&quot;&quot;,&quot;jet_parallax_layout_bg_y&quot;:50,&quot;jet_parallax_layout_bg_y_tablet&quot;:&quot;&quot;,&quot;jet_parallax_layout_bg_y_mobile&quot;:&quot;&quot;,&quot;jet_parallax_layout_bg_size&quot;:&quot;auto&quot;,&quot;jet_parallax_layout_bg_size_tablet&quot;:&quot;&quot;,&quot;jet_parallax_layout_bg_size_mobile&quot;:&quot;&quot;,&quot;jet_parallax_layout_animation_prop&quot;:&quot;transform&quot;,&quot;jet_parallax_layout_on&quot;:[&quot;desktop&quot;,&quot;tablet&quot;]}],&quot;background_background&quot;:&quot;classic&quot;}\">\n\t\t\t\t\t\t<div class=\"elementor-container elementor-column-gap-default\">\n\t\t\t\t\t<div class=\"elementor-column elementor-col-50 elementor-top-column elementor-element elementor-element-f7161e1\" data-id=\"f7161e1\" data-element_type=\"column\">\n\t\t\t<div class=\"elementor-widget-wrap elementor-element-populated\">\n\t\t\t\t\t\t<div class=\"elementor-element elementor-element-b1639ee elementor-widget-mobile__width-initial elementor-widget elementor-widget-text-editor\" data-id=\"b1639ee\" data-element_type=\"widget\" data-widget_type=\"text-editor.default\">\n\t\t\t\t<div class=\"elementor-widget-container\">\n\t\t\t\t\t\t\t<p>Unei loca\u021bii cum e Hypnose Resort By the Sea nu \u00eei putea lipsi un restaurant pe m\u0103sura condi\u021biilor de cazare. Preparatele interna\u021bionale sau delicatesele culinare locale completeaz\u0103 experien\u021ba unui sejur deosebit. De la designul interior g\u00e2ndit \u00een cele mai mici detalii- p\u00e2n\u0103 la savoarea preparatelor \u0219i continu\u00e2nd cu servirea irepro\u0219abil\u0103 a echipei noastre- totul este special creat pentru a oferi o experien\u021b\u0103 unic\u0103, deosebit\u0103.<\/p><p>Restaurantul <a href=\"https:\/\/www.facebook.com\/hypnose.resort.by.the.sea.vadu\/\">Hypnose Resort By the Sea<\/a> reu\u0219e\u0219te cu brio s\u0103 combine trei calit\u0103\u021bi ale unei buc\u0103t\u0103rii de succes: rafinamentul, savoarea \u0219i gustul tradi\u021bional \u0219i interna\u021bional reinventat \u00een forme noi de care uneori ne e at\u00e2t de dor \u00een vacan\u021be.<\/p>\t\t\t\t\t\t<\/div>\n\t\t\t\t<\/div>\n\t\t\t\t\t<\/div>\n\t\t<\/div>\n\t\t\t\t<div class=\"elementor-column elementor-col-50 elementor-top-column elementor-element elementor-element-9e68228\" data-id=\"9e68228\" data-element_type=\"column\">\n\t\t\t<div class=\"elementor-widget-wrap elementor-element-populated\">\n\t\t\t\t\t\t<div class=\"elementor-element elementor-element-4d8083d elementor-widget__width-initial elementor-widget elementor-widget-image\" data-id=\"4d8083d\" data-element_type=\"widget\" data-widget_type=\"image.default\">\n\t\t\t\t<div class=\"elementor-widget-container\">\n\t\t\t\t\t\t\t\t\t\t\t\t\t<img fetchpriority=\"high\" decoding=\"async\" width=\"570\" height=\"450\" src=\"https:\/\/hypnoseresort.ro\/wp-content\/uploads\/2024\/04\/2024H-040-570x450.jpg\" class=\"attachment-kava-thumb-m-2 size-kava-thumb-m-2 wp-image-4018\" alt=\"Hypnose Resort By the Sea\" \/>\t\t\t\t\t\t\t\t\t\t\t\t\t<\/div>\n\t\t\t\t<\/div>\n\t\t\t\t\t<\/div>\n\t\t<\/div>\n\t\t\t\t\t<\/div>\n\t\t<\/section>\n\t\t<div class=\"elementor-element elementor-element-fb1cb08 e-flex e-con-boxed e-con e-parent\" data-id=\"fb1cb08\" data-element_type=\"container\" data-settings=\"{&quot;jet_parallax_layout_list&quot;:[]}\">\n\t\t\t\t\t<div class=\"e-con-inner\">\n\t\t<div class=\"elementor-element elementor-element-796c35d e-con-full e-flex e-con e-child\" data-id=\"796c35d\" data-element_type=\"container\" data-settings=\"{&quot;jet_parallax_layout_list&quot;:[]}\">\n\t\t\t\t<div class=\"elementor-element elementor-element-c3a29ac elementor-widget elementor-widget-image\" data-id=\"c3a29ac\" data-element_type=\"widget\" data-widget_type=\"image.default\">\n\t\t\t\t<div class=\"elementor-widget-container\">\n\t\t\t\t\t\t\t\t\t\t\t\t\t<img decoding=\"async\" width=\"570\" height=\"450\" src=\"https:\/\/hypnoseresort.ro\/wp-content\/uploads\/2024\/04\/get-2-570x450.jpeg\" class=\"attachment-kava-thumb-m-2 size-kava-thumb-m-2 wp-image-4077\" alt=\"\" \/>\t\t\t\t\t\t\t\t\t\t\t\t\t<\/div>\n\t\t\t\t<\/div>\n\t\t\t\t<\/div>\n\t\t<div class=\"elementor-element elementor-element-d892a8b e-con-full e-flex e-con e-child\" data-id=\"d892a8b\" data-element_type=\"container\" data-settings=\"{&quot;jet_parallax_layout_list&quot;:[]}\">\n\t\t\t\t<div class=\"elementor-element elementor-element-fdab798 elementor-widget elementor-widget-text-editor\" data-id=\"fdab798\" data-element_type=\"widget\" data-widget_type=\"text-editor.default\">\n\t\t\t\t<div class=\"elementor-widget-container\">\n\t\t\t\t\t\t\t<p>Preparatele noastre culinare sunt autentice, apetisante \u0219i absolut delicioase pentru c\u0103 punem \u00eentotdeauna accent pe calitatea ingredientelor. \u00cen mare parte, preparatele noastre au la baz\u0103 produse locale, de sezon \u0219i pe placul tuturor, de la produc\u0103tori acredita\u021bi din Dobrogea. Astfel sprijinim comunitatea local\u0103 de pe\u0219te, carne, legume \u0219i fructe, dar suntem siguri \u0219i c\u0103 putem oferi produse proaspete \u00een permanen\u021b\u0103.<\/p>\t\t\t\t\t\t<\/div>\n\t\t\t\t<\/div>\n\t\t\t\t<\/div>\n\t\t\t\t\t<\/div>\n\t\t\t\t<\/div>\n\t\t<div class=\"elementor-element elementor-element-d529cda e-flex e-con-boxed e-con e-parent\" data-id=\"d529cda\" data-element_type=\"container\" data-settings=\"{&quot;jet_parallax_layout_list&quot;:[]}\">\n\t\t\t\t\t<div class=\"e-con-inner\">\n\t\t<div class=\"elementor-element elementor-element-0dc0058 e-con-full e-flex e-con e-child\" data-id=\"0dc0058\" data-element_type=\"container\" data-settings=\"{&quot;jet_parallax_layout_list&quot;:[]}\">\n\t\t\t\t<div class=\"elementor-element elementor-element-8838107 elementor-widget elementor-widget-text-editor\" data-id=\"8838107\" data-element_type=\"widget\" data-widget_type=\"text-editor.default\">\n\t\t\t\t<div class=\"elementor-widget-container\">\n\t\t\t\t\t\t\t<p>Am reu\u0219it sa \u00eempletim experien\u021ba chefilor buc\u0103t\u0103ri cu specificul locului, dar am p\u0103strat \u0219i latura buc\u0103t\u0103riei interna\u021bionale. Fiecare fel de m\u00e2ncare este creat cu pasiune \u0219i talent, pun\u00e2nd \u00een valoare aromele, texturile \u0219i prezent\u0103rile unice. Experien\u021ba culinar\u0103 devine complet\u0103 datorit\u0103 variet\u0103\u021bii de \u2018Wine Tasting\u2019 ce \u00eenso\u021be\u0219te fiecare preparat indiferent dac\u0103 e \u00e0 la carte sau parte dintr- un <a href=\"https:\/\/hypnoseresort.ro\/contacts\/\">meniu<\/a> prestabilit.<\/p><p>C\u00e2t despre vinurile faimoaselor crame rom\u00e2ne\u0219ti \u0219i interna\u021bionale, recunoscute \u00een toat\u0103 lumea? Ar fi multe de povestit la un pahar de \u2026roze, vin spumant sau un licoros vin alb creat parc\u0103 special pentru o zi torid\u0103 de var\u0103.<\/p>\t\t\t\t\t\t<\/div>\n\t\t\t\t<\/div>\n\t\t\t\t<\/div>\n\t\t<div class=\"elementor-element elementor-element-babb68c e-con-full e-flex e-con e-child\" data-id=\"babb68c\" data-element_type=\"container\" data-settings=\"{&quot;jet_parallax_layout_list&quot;:[]}\">\n\t\t\t\t<div class=\"elementor-element elementor-element-2ce817d elementor-widget elementor-widget-image\" data-id=\"2ce817d\" data-element_type=\"widget\" data-widget_type=\"image.default\">\n\t\t\t\t<div class=\"elementor-widget-container\">\n\t\t\t\t\t\t\t\t\t\t\t\t\t<img decoding=\"async\" width=\"570\" height=\"450\" src=\"https:\/\/hypnoseresort.ro\/wp-content\/uploads\/2024\/04\/2024H-019-570x450.jpg\" class=\"attachment-kava-thumb-m-2 size-kava-thumb-m-2 wp-image-4022\" alt=\"\" \/>\t\t\t\t\t\t\t\t\t\t\t\t\t<\/div>\n\t\t\t\t<\/div>\n\t\t\t\t<\/div>\n\t\t\t\t\t<\/div>\n\t\t\t\t<\/div>\n\t\t<div class=\"elementor-element elementor-element-63746d3 e-flex e-con-boxed e-con e-parent\" data-id=\"63746d3\" data-element_type=\"container\" data-settings=\"{&quot;jet_parallax_layout_list&quot;:[]}\">\n\t\t\t\t\t<div class=\"e-con-inner\">\n\t\t<div class=\"elementor-element elementor-element-98fadc3 e-con-full e-flex e-con e-child\" data-id=\"98fadc3\" data-element_type=\"container\" data-settings=\"{&quot;jet_parallax_layout_list&quot;:[]}\">\n\t\t\t\t<div class=\"elementor-element elementor-element-b3212f7 elementor-widget elementor-widget-image\" data-id=\"b3212f7\" data-element_type=\"widget\" data-widget_type=\"image.default\">\n\t\t\t\t<div class=\"elementor-widget-container\">\n\t\t\t\t\t\t\t\t\t\t\t\t\t<img loading=\"lazy\" decoding=\"async\" width=\"570\" height=\"450\" src=\"https:\/\/hypnoseresort.ro\/wp-content\/uploads\/2024\/04\/Hypnose-097-570x450.jpg\" class=\"attachment-kava-thumb-m-2 size-kava-thumb-m-2 wp-image-4026\" alt=\"\" \/>\t\t\t\t\t\t\t\t\t\t\t\t\t<\/div>\n\t\t\t\t<\/div>\n\t\t\t\t<\/div>\n\t\t<div class=\"elementor-element elementor-element-903d88d e-con-full e-flex e-con e-child\" data-id=\"903d88d\" data-element_type=\"container\" data-settings=\"{&quot;jet_parallax_layout_list&quot;:[]}\">\n\t\t\t\t<div class=\"elementor-element elementor-element-c277604 elementor-widget elementor-widget-text-editor\" data-id=\"c277604\" data-element_type=\"widget\" data-widget_type=\"text-editor.default\">\n\t\t\t\t<div class=\"elementor-widget-container\">\n\t\t\t\t\t\t\t<p>Rezultatul? Mereu fresh \u0219i apetisant, plin de culoare, gust \u0219i prospe\u021bime. Indiferent c\u0103 vorbim despre m\u00e2ncare, vinuri sau vacan\u021be la Hypnose Resort By the Sea \u00een sat Vadu.<\/p><p>Hai s\u0103 te convingi!<\/p><p>Restaurantul Hypnose Resort By the Sea \u00een sat Vadu este deschis pe toat\u0103 perioada anului at\u00e2t pentru persoanele cazate \u00een loca\u021bie, c\u00e2t \u0219i pentru cei ce se bucur\u0103 de un apus de soare \u0219i o ie\u0219ire de c\u00eeteva ore la Vadu!<\/p>\t\t\t\t\t\t<\/div>\n\t\t\t\t<\/div>\n\t\t\t\t<\/div>\n\t\t\t\t\t<\/div>\n\t\t\t\t<\/div>\n\t\t\t\t<section class=\"elementor-section elementor-top-section elementor-element elementor-element-e50302a elementor-section-boxed elementor-section-height-default elementor-section-height-default\" data-id=\"e50302a\" data-element_type=\"section\" data-settings=\"{&quot;jet_parallax_layout_list&quot;:[{&quot;_id&quot;:&quot;ba3f04f&quot;,&quot;jet_parallax_layout_image&quot;:{&quot;url&quot;:&quot;&quot;,&quot;id&quot;:&quot;&quot;,&quot;size&quot;:&quot;&quot;},&quot;jet_parallax_layout_image_tablet&quot;:{&quot;url&quot;:&quot;&quot;,&quot;id&quot;:&quot;&quot;,&quot;size&quot;:&quot;&quot;},&quot;jet_parallax_layout_image_mobile&quot;:{&quot;url&quot;:&quot;&quot;,&quot;id&quot;:&quot;&quot;,&quot;size&quot;:&quot;&quot;},&quot;jet_parallax_layout_speed&quot;:{&quot;unit&quot;:&quot;%&quot;,&quot;size&quot;:50,&quot;sizes&quot;:[]},&quot;jet_parallax_layout_type&quot;:&quot;scroll&quot;,&quot;jet_parallax_layout_direction&quot;:null,&quot;jet_parallax_layout_fx_direction&quot;:null,&quot;jet_parallax_layout_z_index&quot;:&quot;&quot;,&quot;jet_parallax_layout_bg_x&quot;:50,&quot;jet_parallax_layout_bg_x_tablet&quot;:&quot;&quot;,&quot;jet_parallax_layout_bg_x_mobile&quot;:&quot;&quot;,&quot;jet_parallax_layout_bg_y&quot;:50,&quot;jet_parallax_layout_bg_y_tablet&quot;:&quot;&quot;,&quot;jet_parallax_layout_bg_y_mobile&quot;:&quot;&quot;,&quot;jet_parallax_layout_bg_size&quot;:&quot;auto&quot;,&quot;jet_parallax_layout_bg_size_tablet&quot;:&quot;&quot;,&quot;jet_parallax_layout_bg_size_mobile&quot;:&quot;&quot;,&quot;jet_parallax_layout_animation_prop&quot;:&quot;transform&quot;,&quot;jet_parallax_layout_on&quot;:[&quot;desktop&quot;,&quot;tablet&quot;]}]}\">\n\t\t\t\t\t\t<div class=\"elementor-container elementor-column-gap-default\">\n\t\t\t\t\t<div class=\"elementor-column elementor-col-100 elementor-top-column elementor-element elementor-element-32014a30\" data-id=\"32014a30\" data-element_type=\"column\">\n\t\t\t<div class=\"elementor-widget-wrap elementor-element-populated\">\n\t\t\t\t\t\t<div class=\"elementor-element elementor-element-d55b8b8 elementor-widget elementor-widget-heading\" data-id=\"d55b8b8\" data-element_type=\"widget\" data-widget_type=\"heading.default\">\n\t\t\t\t<div class=\"elementor-widget-container\">\n\t\t\t<h2 class=\"elementor-heading-title elementor-size-default\">Pentru mai multe detalii, sunati la numarul : <br>+40 734 976 673<\/h2>\t\t<\/div>\n\t\t\t\t<\/div>\n\t\t\t\t\t<\/div>\n\t\t<\/div>\n\t\t\t\t\t<\/div>\n\t\t<\/section>\n\t\t\t\t<\/div>\n\t\t","protected":false},"excerpt":{"rendered":"<p>Restaurant gastronomic Suntem o destina\u021bie culinar\u0103 de excep\u021bie, unde gastronomia devine art\u0103 \u0219i fiecare mas\u0103 este o experien\u021b\u0103 memorabil\u0103! Unei loca\u021bii cum e Hypnose Resort By the Sea nu \u00eei putea lipsi un restaurant pe m\u0103sura condi\u021biilor de cazare. Preparatele interna\u021bionale sau delicatesele culinare locale completeaz\u0103 experien\u021ba unui sejur deosebit. De la designul interior g\u00e2ndit [&hellip;]<\/p>\n","protected":false},"author":1,"featured_media":0,"parent":0,"menu_order":0,"comment_status":"closed","ping_status":"closed","template":"elementor_header_footer","meta":{"om_disable_all_campaigns":false,"_monsterinsights_skip_tracking":false,"_monsterinsights_sitenote_active":false,"_monsterinsights_sitenote_note":"","_monsterinsights_sitenote_category":0,"footnotes":""},"class_list":["post-1375","page","type-page","status-publish","hentry"],"aioseo_notices":[],"_links":{"self":[{"href":"https:\/\/hypnoseresort.ro\/en\/wp-json\/wp\/v2\/pages\/1375","targetHints":{"allow":["GET"]}}],"collection":[{"href":"https:\/\/hypnoseresort.ro\/en\/wp-json\/wp\/v2\/pages"}],"about":[{"href":"https:\/\/hypnoseresort.ro\/en\/wp-json\/wp\/v2\/types\/page"}],"author":[{"embeddable":true,"href":"https:\/\/hypnoseresort.ro\/en\/wp-json\/wp\/v2\/users\/1"}],"replies":[{"embeddable":true,"href":"https:\/\/hypnoseresort.ro\/en\/wp-json\/wp\/v2\/comments?post=1375"}],"version-history":[{"count":134,"href":"https:\/\/hypnoseresort.ro\/en\/wp-json\/wp\/v2\/pages\/1375\/revisions"}],"predecessor-version":[{"id":4414,"href":"https:\/\/hypnoseresort.ro\/en\/wp-json\/wp\/v2\/pages\/1375\/revisions\/4414"}],"wp:attachment":[{"href":"https:\/\/hypnoseresort.ro\/en\/wp-json\/wp\/v2\/media?parent=1375"}],"curies":[{"name":"wp","href":"https:\/\/api.w.org\/{rel}","templated":true}]}}